{"id":521,"date":"2024-01-25T09:29:06","date_gmt":"2024-01-25T09:29:06","guid":{"rendered":"https:\/\/creativemedia.com.vn\/tuyen-dung\/"},"modified":"2024-04-04T08:38:04","modified_gmt":"2024-04-04T08:38:04","slug":"tuyen-dung","status":"publish","type":"page","link":"https:\/\/creativemedia.com.vn\/vi\/tuyen-dung\/","title":{"rendered":"Tuy\u1ec3n d\u1ee5ng"},"content":{"rendered":"<div class=\"row\"  id=\"row-258680082\">\n\n\t<div id=\"col-2116391693\" class=\"col medium-6 small-12 large-6\"  data-animate=\"bounceInLeft\">\n\t\t\t\t<div class=\"col-inner\"  >\n\t\t\t\n\t\t\t\n\t<div id=\"text-1062022407\" class=\"text\">\n\t\t\n<h1>Gia nh\u1eadp \u0111\u1ed9i ng\u0169 <span class=\"text-primary\">Creative Media<\/span> v\u00e0 c\u00f9ng nhau ph\u00e1t tri\u1ec3n!<\/h1>\n\t\t\n<style>\n#text-1062022407 {\n  font-size: 1.8rem;\n}\n<\/style>\n\t<\/div>\n\t\n\t\t<\/div>\n\t\t\t\t\t<\/div>\n\n\t\n\n\t<div id=\"col-628442691\" class=\"col medium-6 small-12 large-6\"  >\n\t\t\t\t<div class=\"col-inner text-right\"  >\n\t\t\t\n\t\t\t\n\t<div class=\"img has-hover x md-x lg-x y md-y lg-y\" id=\"image_162699374\">\n\t\t\t\t\t\t<div data-animate=\"bounceInRight\">\t\t<div class=\"img-inner dark\" >\n\t\t\t<img loading=\"lazy\" decoding=\"async\" width=\"1020\" height=\"209\" src=\"https:\/\/creativemedia.com.vn\/wp-content\/uploads\/2024\/04\/tuyen-dung-1024x210.png\" class=\"attachment-large size-large\" alt=\"\" srcset=\"https:\/\/creativemedia.com.vn\/wp-content\/uploads\/2024\/04\/tuyen-dung-1024x210.png 1024w, https:\/\/creativemedia.com.vn\/wp-content\/uploads\/2024\/04\/tuyen-dung-300x61.png 300w, https:\/\/creativemedia.com.vn\/wp-content\/uploads\/2024\/04\/tuyen-dung-768x157.png 768w, https:\/\/creativemedia.com.vn\/wp-content\/uploads\/2024\/04\/tuyen-dung.png 1377w\" sizes=\"auto, (max-width: 1020px) 100vw, 1020px\" \/>\t\t\t\t\t\t\n\t\t\t\t\t<\/div>\n\t\t<\/div>\t\t\t\t\t\t\n<style>\n#image_162699374 {\n  width: 74%;\n}\n<\/style>\n\t<\/div>\n\t\n\t\t<\/div>\n\t\t\t\t\n<style>\n#col-628442691 > .col-inner {\n  padding: 0px 0px 0px 0px;\n  margin: 0px 0px 0px 0px;\n}\n<\/style>\n\t<\/div>\n\n\t\n<\/div>\n","protected":false},"excerpt":{"rendered":"","protected":false},"author":1,"featured_media":0,"parent":0,"menu_order":0,"comment_status":"closed","ping_status":"closed","template":"page-jobs.php","meta":{"footnotes":""},"class_list":["post-521","page","type-page","status-publish","hentry"],"acf":[],"_links":{"self":[{"href":"https:\/\/creativemedia.com.vn\/vi\/wp-json\/wp\/v2\/pages\/521","targetHints":{"allow":["GET"]}}],"collection":[{"href":"https:\/\/creativemedia.com.vn\/vi\/wp-json\/wp\/v2\/pages"}],"about":[{"href":"https:\/\/creativemedia.com.vn\/vi\/wp-json\/wp\/v2\/types\/page"}],"author":[{"embeddable":true,"href":"https:\/\/creativemedia.com.vn\/vi\/wp-json\/wp\/v2\/users\/1"}],"replies":[{"embeddable":true,"href":"https:\/\/creativemedia.com.vn\/vi\/wp-json\/wp\/v2\/comments?post=521"}],"version-history":[{"count":6,"href":"https:\/\/creativemedia.com.vn\/vi\/wp-json\/wp\/v2\/pages\/521\/revisions"}],"predecessor-version":[{"id":873,"href":"https:\/\/creativemedia.com.vn\/vi\/wp-json\/wp\/v2\/pages\/521\/revisions\/873"}],"wp:attachment":[{"href":"https:\/\/creativemedia.com.vn\/vi\/wp-json\/wp\/v2\/media?parent=521"}],"curies":[{"name":"wp","href":"https:\/\/api.w.org\/{rel}","templated":true}]}}