{"id":524,"date":"2024-01-25T09:29:14","date_gmt":"2024-01-25T09:29:14","guid":{"rendered":"https:\/\/creativemedia.com.vn\/lien-he\/"},"modified":"2024-04-04T08:41:27","modified_gmt":"2024-04-04T08:41:27","slug":"lien-he","status":"publish","type":"page","link":"https:\/\/creativemedia.com.vn\/vi\/lien-he\/","title":{"rendered":"Li\u00ean h\u1ec7"},"content":{"rendered":"<div class=\"row row-collapse align-right\"  id=\"row-454581185\">\n\n\t<div id=\"col-1729162983\" class=\"col medium-6 small-12 large-6\"  >\n\t\t\t\t<div class=\"col-inner\"  >\n\t\t\t\n\t\t\t\n\t<div id=\"text-224912651\" class=\"text\">\n\t\t\n<h1>Li\u00ean h\u1ec7 v\u1edbi ch\u00fang t\u00f4i<\/br> <span class=\"text-primary\">Creative Media<\/span><\/h1>\n\t\t\n<style>\n#text-224912651 {\n  font-size: 1.8rem;\n}\n<\/style>\n\t<\/div>\n\t\n\t\t<\/div>\n\t\t\t\t\t<\/div>\n\n\t\n\n\t<div id=\"col-1009425479\" class=\"col medium-6 small-12 large-6\"  >\n\t\t\t\t<div class=\"col-inner text-right\"  >\n\t\t\t\n\t\t\t\n\t<div class=\"img has-hover x md-x lg-x y md-y lg-y\" id=\"image_1581289656\">\n\t\t\t\t\t\t\t\t<div class=\"img-inner dark\" >\n\t\t\t<img loading=\"lazy\" decoding=\"async\" width=\"817\" height=\"258\" src=\"https:\/\/creativemedia.com.vn\/wp-content\/uploads\/2024\/04\/lien-he.png\" class=\"attachment-large size-large\" alt=\"\" srcset=\"https:\/\/creativemedia.com.vn\/wp-content\/uploads\/2024\/04\/lien-he.png 817w, https:\/\/creativemedia.com.vn\/wp-content\/uploads\/2024\/04\/lien-he-300x95.png 300w, https:\/\/creativemedia.com.vn\/wp-content\/uploads\/2024\/04\/lien-he-768x243.png 768w\" sizes=\"auto, (max-width: 817px) 100vw, 817px\" \/>\t\t\t\t\t\t\n\t\t\t\t\t<\/div>\n\t\t\t\t\t\t\t\t\n<style>\n#image_1581289656 {\n  width: 50%;\n}\n<\/style>\n\t<\/div>\n\t\n\t\t<\/div>\n\t\t\t\t\n<style>\n#col-1009425479 > .col-inner {\n  padding: 0px 0px 0px 0px;\n}\n<\/style>\n\t<\/div>\n\n\t\n<\/div>\n<div class=\"row align-middle\"  id=\"row-1105910991\">\n\n\t<div id=\"col-966875804\" class=\"col medium-6 small-12 large-6\"  >\n\t\t\t\t<div class=\"col-inner\"  >\n\t\t\t\n\t\t\t\n<p>M\u1ecdi g\u00f3p \u00fd, th\u1eafc m\u1eafc, th\u00f4ng tin vui l\u00f2ng li\u00ean h\u1ec7 v\u1edbi ch\u00fang t\u00f4i form d\u01b0\u1edbi \u0111\u00e2y<\/p>\n<p><strong>C\u00d4NG TY TNHH CREATIVE MEDIA<\/strong><\/p>\n<ul>\n<li>\u0110\u1ecba ch\u1ec9: T\u1ea7ng 3, To\u00e0 nh\u00e0 Golden City, 25 Nguy\u1ec5n Th\u1ecb Minh Khai, Ph\u01b0\u1eddng L\u00ea Mao, Th\u00e0nh Ph\u1ed1 Vinh, t\u1ec9nh Ngh\u1ec7 An.<\/li>\n<li>\u0110i\u1ec7n tho\u1ea1i: +84946439962<\/li>\n<li>Email: contact@creativemedia.com.vn<\/li>\n<li>Website: https:\/\/creativemedia.com.vn<\/li>\n<\/ul>\n\t\t<\/div>\n\t\t\t\t\t<\/div>\n\n\t\n\n\t<div id=\"col-753233727\" class=\"col medium-6 small-12 large-6\"  >\n\t\t\t\t<div class=\"col-inner\" style=\"background-color:rgba(4, 122, 74, 0.1);\" >\n\t\t\t\n\t\t\t\n<div class=\"wpforms-container wpforms-container-full wpforms-render-modern\" id=\"wpforms-193\"><form id=\"wpforms-form-193\" class=\"wpforms-validate wpforms-form wpforms-ajax-form\" data-formid=\"193\" method=\"post\" enctype=\"multipart\/form-data\" action=\"\/vi\/wp-json\/wp\/v2\/pages\/524\" data-token=\"fb7bf0fef22d3b4bedbfd3b0101a9d7a\"><noscript class=\"wpforms-error-noscript\">Please enable JavaScript in your browser to complete this form.<\/noscript><div class=\"wpforms-hidden\" id=\"wpforms-error-noscript\">Please enable JavaScript in your browser to complete this form.<\/div><div class=\"wpforms-field-container\"><div id=\"wpforms-193-field_1-container\" class=\"wpforms-field wpforms-field-text\" data-field-id=\"1\"><label class=\"wpforms-field-label wpforms-label-hide\" for=\"wpforms-193-field_1\" aria-hidden=\"false\">N\u1ed9i dung li\u00ean h\u1ec7 <span class=\"wpforms-required-label\" aria-hidden=\"true\">*<\/span><\/label><input type=\"text\" id=\"wpforms-193-field_1\" class=\"wpforms-field-large wpforms-field-required\" name=\"wpforms[fields][1]\" placeholder=\"H\u1ecd t\u00ean\" aria-errormessage=\"wpforms-193-field_1-error\" required><\/div><div id=\"wpforms-193-field_2-container\" class=\"wpforms-field wpforms-field-email\" data-field-id=\"2\"><label class=\"wpforms-field-label wpforms-label-hide\" for=\"wpforms-193-field_2\" aria-hidden=\"false\">\u0110\u1ecba ch\u1ec9 Email <span class=\"wpforms-required-label\" aria-hidden=\"true\">*<\/span><\/label><input type=\"email\" id=\"wpforms-193-field_2\" class=\"wpforms-field-large wpforms-field-required\" name=\"wpforms[fields][2]\" placeholder=\"\u0110\u1ecba ch\u1ec9 Email\" spellcheck=\"false\" aria-errormessage=\"wpforms-193-field_2-error\" required><\/div><div id=\"wpforms-193-field_3-container\" class=\"wpforms-field wpforms-field-textarea\" data-field-id=\"3\"><label class=\"wpforms-field-label wpforms-label-hide\" for=\"wpforms-193-field_3\" aria-hidden=\"false\">N\u1ed9i dung li\u00ean h\u1ec7 <span class=\"wpforms-required-label\" aria-hidden=\"true\">*<\/span><\/label><textarea id=\"wpforms-193-field_3\" class=\"wpforms-field-medium wpforms-field-required\" name=\"wpforms[fields][3]\" placeholder=\"N\u1ed9i dung li\u00ean h\u1ec7\" aria-errormessage=\"wpforms-193-field_3-error\" required><\/textarea><\/div><\/div><!-- .wpforms-field-container --><div class=\"wpforms-submit-container\" ><input type=\"hidden\" name=\"wpforms[id]\" value=\"193\"><input type=\"hidden\" name=\"wpforms[author]\" value=\"1\"><button type=\"submit\" name=\"wpforms[submit]\" id=\"wpforms-submit-193\" class=\"wpforms-submit\" data-alt-text=\"\u0110ang g\u1eedi...\" data-submit-text=\"G\u1eedi th\u00f4ng tin\" aria-live=\"assertive\" value=\"wpforms-submit\">G\u1eedi th\u00f4ng tin<\/button><img loading=\"lazy\" decoding=\"async\" src=\"https:\/\/creativemedia.com.vn\/wp-content\/plugins\/wpforms\/assets\/images\/submit-spin.svg\" class=\"wpforms-submit-spinner\" style=\"display: none;\" width=\"26\" height=\"26\" alt=\"Loading\"><\/div><\/form><\/div>  <!-- .wpforms-container -->\n\t\t<\/div>\n\t\t\t\t\n<style>\n#col-753233727 > .col-inner {\n  padding: 20px 50px 50px 50px;\n  border-radius: 12px;\n}\n<\/style>\n\t<\/div>\n\n\t\n<\/div>\n","protected":false},"excerpt":{"rendered":"","protected":false},"author":1,"featured_media":0,"parent":0,"menu_order":0,"comment_status":"closed","ping_status":"closed","template":"","meta":{"footnotes":""},"class_list":["post-524","page","type-page","status-publish","hentry"],"acf":[],"_links":{"self":[{"href":"https:\/\/creativemedia.com.vn\/vi\/wp-json\/wp\/v2\/pages\/524","targetHints":{"allow":["GET"]}}],"collection":[{"href":"https:\/\/creativemedia.com.vn\/vi\/wp-json\/wp\/v2\/pages"}],"about":[{"href":"https:\/\/creativemedia.com.vn\/vi\/wp-json\/wp\/v2\/types\/page"}],"author":[{"embeddable":true,"href":"https:\/\/creativemedia.com.vn\/vi\/wp-json\/wp\/v2\/users\/1"}],"replies":[{"embeddable":true,"href":"https:\/\/creativemedia.com.vn\/vi\/wp-json\/wp\/v2\/comments?post=524"}],"version-history":[{"count":4,"href":"https:\/\/creativemedia.com.vn\/vi\/wp-json\/wp\/v2\/pages\/524\/revisions"}],"predecessor-version":[{"id":883,"href":"https:\/\/creativemedia.com.vn\/vi\/wp-json\/wp\/v2\/pages\/524\/revisions\/883"}],"wp:attachment":[{"href":"https:\/\/creativemedia.com.vn\/vi\/wp-json\/wp\/v2\/media?parent=524"}],"curies":[{"name":"wp","href":"https:\/\/api.w.org\/{rel}","templated":true}]}}