{"id":535,"date":"2024-01-25T09:29:20","date_gmt":"2024-01-25T09:29:20","guid":{"rendered":"https:\/\/creativemedia.com.vn\/dich-vu\/"},"modified":"2024-04-04T09:10:47","modified_gmt":"2024-04-04T09:10:47","slug":"dich-vu","status":"publish","type":"page","link":"https:\/\/creativemedia.com.vn\/vi\/dich-vu\/","title":{"rendered":"D\u1ecbch v\u1ee5"},"content":{"rendered":"\t<section class=\"section\" id=\"section_175889353\">\n\t\t<div class=\"bg section-bg fill bg-fill  bg-loaded\" >\n\n\t\t\t\n\t\t\t\n\t\t\t\n\n\t\t<\/div>\n\n\t\t\n\n\t\t<div class=\"section-content relative\">\n\t\t\t\n<div class=\"row\"  id=\"row-1164742445\">\n\n\t<div id=\"col-69676809\" class=\"col medium-6 small-12 large-6\"  data-animate=\"bounceInLeft\">\n\t\t\t\t<div class=\"col-inner text-left\"  >\n\t\t\t\n\t\t\t\n\t<div id=\"text-1801338857\" class=\"text\">\n\t\t\n<h1>D\u1ecbch v\u1ee5 c\u1ee7a ch\u00fang t\u00f4i<span class=\"text-primary\"><br \/>\nCreative Media<\/span><\/h1>\n\t\t\n<style>\n#text-1801338857 {\n  font-size: 1.8rem;\n}\n<\/style>\n\t<\/div>\n\t\n\t\t<\/div>\n\t\t\t\t\t<\/div>\n\n\t\n\n\t<div id=\"col-1058814711\" class=\"col medium-6 small-12 large-6\"  >\n\t\t\t\t<div class=\"col-inner text-right\"  >\n\t\t\t\n\t\t\t\n\t<div class=\"img has-hover x md-x lg-x y md-y lg-y\" id=\"image_1192314035\">\n\t\t\t\t\t\t<div data-animate=\"bounceInRight\">\t\t<div class=\"img-inner dark\" >\n\t\t\t<img loading=\"lazy\" decoding=\"async\" width=\"913\" height=\"258\" src=\"https:\/\/creativemedia.com.vn\/wp-content\/uploads\/2024\/04\/dich-vu.png\" class=\"attachment-large size-large\" alt=\"\" srcset=\"https:\/\/creativemedia.com.vn\/wp-content\/uploads\/2024\/04\/dich-vu.png 913w, https:\/\/creativemedia.com.vn\/wp-content\/uploads\/2024\/04\/dich-vu-300x85.png 300w, https:\/\/creativemedia.com.vn\/wp-content\/uploads\/2024\/04\/dich-vu-768x217.png 768w\" sizes=\"auto, (max-width: 913px) 100vw, 913px\" \/>\t\t\t\t\t\t\n\t\t\t\t\t<\/div>\n\t\t<\/div>\t\t\t\t\t\t\n<style>\n#image_1192314035 {\n  width: 58%;\n}\n<\/style>\n\t<\/div>\n\t\n\t\t<\/div>\n\t\t\t\t\t<\/div>\n\n\t\n<\/div>\n<div class=\"row align-middle\"  id=\"row-403510608\">\n\n\t<div id=\"col-691484573\" class=\"col medium-6 small-12 large-6\"  >\n\t\t\t\t<div class=\"col-inner\"  >\n\t\t\t\n\t\t\t\n\t<div class=\"img has-hover x md-x lg-x y md-y lg-y\" id=\"image_1959968541\">\n\t\t\t\t\t\t\t\t<div class=\"img-inner dark\" >\n\t\t\t<img loading=\"lazy\" decoding=\"async\" width=\"500\" height=\"500\" src=\"https:\/\/creativemedia.com.vn\/wp-content\/uploads\/2024\/04\/Content-cuate.svg\" class=\"attachment-large size-large\" alt=\"\" \/>\t\t\t\t\t\t\n\t\t\t\t\t<\/div>\n\t\t\t\t\t\t\t\t\n<style>\n#image_1959968541 {\n  width: 100%;\n}\n<\/style>\n\t<\/div>\n\t\n\t\t<\/div>\n\t\t\t\t\t<\/div>\n\n\t\n\n\t<div id=\"col-97495576\" class=\"col bg-pink pd-40 radius-normal medium-6 small-12 large-6\"  >\n\t\t\t\t<div class=\"col-inner\"  >\n\t\t\t\n\t\t\t\n\t<div id=\"text-432727062\" class=\"text text-justify\">\n\t\t\n<h2 class=\"text-primary\">S\u00e1ng t\u1ea1o n\u1ed9i dung<\/h2>\n<p><span class=\"text-primary\">Creative Media<\/span> kh\u00f4ng ch\u1ec9 l\u00e0 m\u1ed9t c\u00f4ng ty s\u1ea3n xu\u1ea5t video \u00e2m nh\u1ea1c, m\u00e0 c\u00f2n l\u00e0 d\u1eabn \u0111\u1ea7u trong vi\u1ec7c k\u1ebft h\u1ee3p ngh\u1ec7 thu\u1eadt v\u00e0 c\u00f4ng ngh\u1ec7. Ch\u00fang t\u00f4i kh\u00f4ng ng\u1eebng \u0111\u1ed5i m\u1edbi v\u00e0 t\u1ea1o ra nh\u1eefng tr\u1ea3i nghi\u1ec7m tuy\u1ec7t v\u1eddi cho ng\u01b0\u1eddi xem th\u00f4ng qua vi\u1ec7c s\u1ea3n xu\u1ea5t n\u1ed9i dung \u00e2m nh\u1ea1c \u0111a d\u1ea1ng, t\u1eeb video \u00e2m nh\u1ea1c ch\u00ednh th\u1ed1ng \u0111\u1ebfn nh\u1eefng tr\u1ea3i nghi\u1ec7m t\u01b0\u01a1ng t\u00e1c \u0111\u1ed9c \u0111\u00e1o tr\u00ean c\u00e1c n\u1ec1n t\u1ea3ng s\u1ed1.<\/p>\n\t\t\n<style>\n#text-432727062 {\n  font-size: 1.25rem;\n}\n<\/style>\n\t<\/div>\n\t\n\t\t<\/div>\n\t\t\t\t\t<\/div>\n\n\t\n<\/div>\n<div class=\"row align-middle\"  id=\"row-402003379\">\n\n\t<div id=\"col-1478975744\" class=\"col bg-pink pd-40 radius-normal medium-6 small-12 large-6\"  >\n\t\t\t\t<div class=\"col-inner\"  >\n\t\t\t\n\t\t\t\n\t<div id=\"text-2229960354\" class=\"text text-justify\">\n\t\t\n<h2>Ph\u00e1t h\u00e0nh v\u00e0 Qu\u1ea3ng b\u00e1 \u00e2m nh\u1ea1c<\/h2>\n<p><span class=\"text-primary\">Creative Media<\/span> kh\u00f4ng ch\u1ec9 l\u00e0 m\u1ed9t \u0111\u01a1n v\u1ecb s\u1ea3n xu\u1ea5t video \u00e2m nh\u1ea1c m\u00e0 c\u00f2n l\u00e0 m\u1ed9t \u0111\u1ed1i t\u00e1c chi\u1ebfn l\u01b0\u1ee3c trong vi\u1ec7c \u0111\u01b0a c\u00e1c t\u00e1c ph\u1ea9m \u00e2m nh\u1ea1c c\u1ee7a b\u1ea1n \u0111\u1ebfn v\u1edbi \u0111\u00e1m \u0111\u00f4ng m\u1ed9t c\u00e1ch chuy\u00ean nghi\u1ec7p v\u00e0 hi\u1ec7u qu\u1ea3 nh\u1ea5t. Ch\u00fang t\u00f4i kh\u00f4ng ch\u1ec9 t\u1ea1o ra nh\u1eefng video \u00e2m nh\u1ea1c \u0111\u1ed9c \u0111\u00e1o v\u00e0 \u1ea5n t\u01b0\u1ee3ng, m\u00e0 c\u00f2n cung c\u1ea5p c\u00e1c d\u1ecbch v\u1ee5 ph\u00e1t h\u00e0nh v\u00e0 qu\u1ea3ng b\u00e1 th\u00f4ng qua c\u00e1c n\u1ec1n t\u1ea3ng s\u1ed1 nh\u01b0 YouTube, Spotify, Apple music, Soundcloud, trang web \u00e2m nh\u1ea1c kh\u00e1c.<\/p>\n\t\t\n<style>\n#text-2229960354 {\n  font-size: 1.25rem;\n}\n<\/style>\n\t<\/div>\n\t\n\t\t<\/div>\n\t\t\t\t\t<\/div>\n\n\t\n\n\t<div id=\"col-641502335\" class=\"col medium-6 small-12 large-6\"  >\n\t\t\t\t<div class=\"col-inner\"  >\n\t\t\t\n\t\t\t\n\t<div class=\"img has-hover x md-x lg-x y md-y lg-y\" id=\"image_959672670\">\n\t\t\t\t\t\t\t\t<div class=\"img-inner dark\" >\n\t\t\t<img loading=\"lazy\" decoding=\"async\" width=\"500\" height=\"500\" src=\"https:\/\/creativemedia.com.vn\/wp-content\/uploads\/2024\/04\/Gen-Z-amico.svg\" class=\"attachment-large size-large\" alt=\"\" \/>\t\t\t\t\t\t\n\t\t\t\t\t<\/div>\n\t\t\t\t\t\t\t\t\n<style>\n#image_959672670 {\n  width: 100%;\n}\n<\/style>\n\t<\/div>\n\t\n\t\t<\/div>\n\t\t\t\t\t<\/div>\n\n\t\n<\/div>\n<div class=\"row\"  id=\"row-1795870532\">\n\n\t<div id=\"col-958650308\" class=\"col small-12 large-12\"  >\n\t\t\t\t<div class=\"col-inner\"  >\n\t\t\t\n\t\t\t\n\t<div id=\"text-315378241\" class=\"text\">\n\t\t\n<h3>H\u1ec7 th\u1ed1ng Youtube channels v\u1ec1 \u00e2m nh\u1ea1c c\u00f3 t\u1ea7m \u1ea3nh h\u01b0\u1edfng<\/h3>\n\t\t\n<style>\n#text-315378241 {\n  text-align: center;\n}\n<\/style>\n\t<\/div>\n\t\n\t\t<\/div>\n\t\t\t\t\t<\/div>\n\n\t\n<\/div>\n<div class=\"row align-middle row-dashed\"  id=\"row-433541638\">\n\n\t<div id=\"col-1482966887\" class=\"col medium-3 small-6 large-3\"  >\n\t\t\t\t<div class=\"col-inner text-center\"  >\n\t\t\t\n\t\t\t\n<div class=\"ux-logo has-hover align-middle ux_logo inline-block\" style=\"max-width: 100%!important; width: 306.78571428571px!important\"><div class=\"ux-logo-link block image-grayscale\" title=\"\" href=\"\" style=\"padding: 15px;\"><img decoding=\"async\" src=\"https:\/\/creativemedia.com.vn\/wp-content\/uploads\/2024\/04\/amazon-music-cut-1.png\" title=\"\" alt=\"\" class=\"ux-logo-image block\" style=\"height:50px;\" \/><\/div><\/div>\n\t\t<\/div>\n\t\t\t\t\t<\/div>\n\n\t\n\n\t<div id=\"col-1535004015\" class=\"col medium-3 small-6 large-3\"  >\n\t\t\t\t<div class=\"col-inner text-center\"  >\n\t\t\t\n\t\t\t\n<div class=\"ux-logo has-hover align-middle ux_logo inline-block\" style=\"max-width: 100%!important; width: 202.91066282421px!important\"><div class=\"ux-logo-link block image-grayscale\" title=\"\" href=\"\" style=\"padding: 15px;\"><img decoding=\"async\" src=\"https:\/\/creativemedia.com.vn\/wp-content\/uploads\/2024\/04\/apple-itunes.png\" title=\"\" alt=\"\" class=\"ux-logo-image block\" style=\"height:50px;\" \/><\/div><\/div>\n\t\t<\/div>\n\t\t\t\t\t<\/div>\n\n\t\n\n\t<div id=\"col-1472602205\" class=\"col medium-3 small-6 large-3\"  >\n\t\t\t\t<div class=\"col-inner text-center\"  >\n\t\t\t\n\t\t\t\n<div class=\"ux-logo has-hover align-middle ux_logo inline-block\" style=\"max-width: 100%!important; width: 234.03225806452px!important\"><div class=\"ux-logo-link block image-grayscale\" title=\"\" href=\"\" style=\"padding: 15px;\"><img decoding=\"async\" src=\"https:\/\/creativemedia.com.vn\/wp-content\/uploads\/2024\/04\/apple-music-cut.png\" title=\"\" alt=\"\" class=\"ux-logo-image block\" style=\"height:50px;\" \/><\/div><\/div>\n\t\t<\/div>\n\t\t\t\t\t<\/div>\n\n\t\n\n\t<div id=\"col-1267819214\" class=\"col medium-3 small-6 large-3\"  >\n\t\t\t\t<div class=\"col-inner text-center\"  >\n\t\t\t\n\t\t\t\n<div class=\"ux-logo has-hover align-middle ux_logo inline-block\" style=\"max-width: 100%!important; width: 310.0875273523px!important\"><div class=\"ux-logo-link block image-grayscale\" title=\"\" href=\"\" style=\"padding: 15px;\"><img decoding=\"async\" src=\"https:\/\/creativemedia.com.vn\/wp-content\/uploads\/2024\/04\/Facebook_logo_2023.svg.png\" title=\"\" alt=\"\" class=\"ux-logo-image block\" style=\"height:50px;\" \/><\/div><\/div>\n\t\t<\/div>\n\t\t\t\t\t<\/div>\n\n\t\n\n\t<div id=\"col-1942793695\" class=\"col medium-3 small-6 large-3\"  >\n\t\t\t\t<div class=\"col-inner text-center\"  >\n\t\t\t\n\t\t\t\n<div class=\"ux-logo has-hover align-middle ux_logo inline-block\" style=\"max-width: 100%!important; width: 80px!important\"><div class=\"ux-logo-link block image-grayscale\" title=\"\" href=\"\" style=\"padding: 15px;\"><img decoding=\"async\" src=\"https:\/\/creativemedia.com.vn\/wp-content\/uploads\/2024\/04\/instagram.png\" title=\"\" alt=\"\" class=\"ux-logo-image block\" style=\"height:50px;\" \/><\/div><\/div>\n\t\t<\/div>\n\t\t\t\t\t<\/div>\n\n\t\n\n\t<div id=\"col-1693176973\" class=\"col medium-3 small-6 large-3\"  >\n\t\t\t\t<div class=\"col-inner text-center\"  >\n\t\t\t\n\t\t\t\n<div class=\"ux-logo has-hover align-middle ux_logo inline-block\" style=\"max-width: 100%!important; width: 196.36904761905px!important\"><div class=\"ux-logo-link block image-grayscale\" title=\"\" href=\"\" style=\"padding: 15px;\"><img decoding=\"async\" src=\"https:\/\/creativemedia.com.vn\/wp-content\/uploads\/2024\/04\/Spotify.png\" title=\"\" alt=\"\" class=\"ux-logo-image block\" style=\"height:50px;\" \/><\/div><\/div>\n\t\t<\/div>\n\t\t\t\t\t<\/div>\n\n\t\n\n\t<div id=\"col-1347830424\" class=\"col medium-3 small-6 large-3\"  >\n\t\t\t\t<div class=\"col-inner text-center\"  >\n\t\t\t\n\t\t\t\n<div class=\"ux-logo has-hover align-middle ux_logo inline-block\" style=\"max-width: 100%!important; width: 253.03370786517px!important\"><div class=\"ux-logo-link block image-grayscale\" title=\"\" href=\"\" style=\"padding: 15px;\"><img decoding=\"async\" src=\"https:\/\/creativemedia.com.vn\/wp-content\/uploads\/2024\/04\/YouTube.png\" title=\"\" alt=\"\" class=\"ux-logo-image block\" style=\"height:50px;\" \/><\/div><\/div>\n\t\t<\/div>\n\t\t\t\t\t<\/div>\n\n\t\n\n\t<div id=\"col-756717789\" class=\"col medium-3 small-6 large-3\"  >\n\t\t\t\t<div class=\"col-inner text-center\"  >\n\t\t\t\n\t\t\t\n<div class=\"ux-logo has-hover align-middle ux_logo inline-block\" style=\"max-width: 100%!important; width: 219.62264150943px!important\"><div class=\"ux-logo-link block image-grayscale\" title=\"\" href=\"\" style=\"padding: 15px;\"><img decoding=\"async\" src=\"https:\/\/creativemedia.com.vn\/wp-content\/uploads\/2024\/04\/YouTubeMusic.png\" title=\"\" alt=\"\" class=\"ux-logo-image block\" style=\"height:50px;\" \/><\/div><\/div>\n\t\t<\/div>\n\t\t\t\t\t<\/div>\n\n\t\n\n\t<div id=\"col-828150878\" class=\"col medium-3 small-6 large-3\"  >\n\t\t\t\t<div class=\"col-inner text-center\"  >\n\t\t\t\n\t\t\t\n<div class=\"ux-logo has-hover align-middle ux_logo inline-block\" style=\"max-width: 100%!important; width: 290.37735849057px!important\"><div class=\"ux-logo-link block image-grayscale\" title=\"\" href=\"\" style=\"padding: 15px;\"><img decoding=\"async\" src=\"https:\/\/creativemedia.com.vn\/wp-content\/uploads\/2024\/04\/deezer-1.png\" title=\"\" alt=\"\" class=\"ux-logo-image block\" style=\"height:50px;\" \/><\/div><\/div>\n\t\t<\/div>\n\t\t\t\t\t<\/div>\n\n\t\n\n\t<div id=\"col-1909215648\" class=\"col medium-3 small-6 large-3\"  >\n\t\t\t\t<div class=\"col-inner text-center\"  >\n\t\t\t\n\t\t\t\n<div class=\"ux-logo has-hover align-middle ux_logo inline-block\" style=\"max-width: 100%!important; width: 120.56603773585px!important\"><div class=\"ux-logo-link block image-grayscale\" title=\"\" href=\"\" style=\"padding: 15px;\"><img decoding=\"async\" src=\"https:\/\/creativemedia.com.vn\/wp-content\/uploads\/2024\/04\/soundcloud-1.png\" title=\"\" alt=\"\" class=\"ux-logo-image block\" style=\"height:50px;\" \/><\/div><\/div>\n\t\t<\/div>\n\t\t\t\t\t<\/div>\n\n\t\n\n\t<div id=\"col-1144651033\" class=\"col medium-3 small-6 large-3\"  >\n\t\t\t\t<div class=\"col-inner text-center\"  >\n\t\t\t\n\t\t\t\n<div class=\"ux-logo has-hover align-middle ux_logo inline-block\" style=\"max-width: 100%!important; width: 201.12299465241px!important\"><div class=\"ux-logo-link block image-grayscale\" title=\"\" href=\"\" style=\"padding: 15px;\"><img decoding=\"async\" src=\"https:\/\/creativemedia.com.vn\/wp-content\/uploads\/2024\/04\/Tiktok.png\" title=\"\" alt=\"\" class=\"ux-logo-image block\" style=\"height:50px;\" \/><\/div><\/div>\n\t\t<\/div>\n\t\t\t\t\t<\/div>\n\n\t\n\n\t<div id=\"col-1833008781\" class=\"col medium-3 small-6 large-3\"  >\n\t\t\t\t<div class=\"col-inner text-center\"  >\n\t\t\t\n\t\t\t\n<div class=\"ux-logo has-hover align-middle ux_logo inline-block\" style=\"max-width: 100%!important; width: 184.21686746988px!important\"><div class=\"ux-logo-link block image-grayscale\" title=\"\" href=\"\" style=\"padding: 15px;\"><img decoding=\"async\" src=\"https:\/\/creativemedia.com.vn\/wp-content\/uploads\/2024\/04\/ZingMP3logo.svg.png\" title=\"\" alt=\"\" class=\"ux-logo-image block\" style=\"height:50px;\" \/><\/div><\/div>\n\t\t<\/div>\n\t\t\t\t\t<\/div>\n\n\t\n<\/div>\n\t\t<\/div>\n\n\t\t\n<style>\n#section_175889353 {\n  padding-top: 30px;\n  padding-bottom: 30px;\n}\n<\/style>\n\t<\/section>\n\t\n","protected":false},"excerpt":{"rendered":"","protected":false},"author":1,"featured_media":0,"parent":0,"menu_order":0,"comment_status":"closed","ping_status":"closed","template":"","meta":{"footnotes":""},"class_list":["post-535","page","type-page","status-publish","hentry"],"acf":[],"_links":{"self":[{"href":"https:\/\/creativemedia.com.vn\/vi\/wp-json\/wp\/v2\/pages\/535","targetHints":{"allow":["GET"]}}],"collection":[{"href":"https:\/\/creativemedia.com.vn\/vi\/wp-json\/wp\/v2\/pages"}],"about":[{"href":"https:\/\/creativemedia.com.vn\/vi\/wp-json\/wp\/v2\/types\/page"}],"author":[{"embeddable":true,"href":"https:\/\/creativemedia.com.vn\/vi\/wp-json\/wp\/v2\/users\/1"}],"replies":[{"embeddable":true,"href":"https:\/\/creativemedia.com.vn\/vi\/wp-json\/wp\/v2\/comments?post=535"}],"version-history":[{"count":18,"href":"https:\/\/creativemedia.com.vn\/vi\/wp-json\/wp\/v2\/pages\/535\/revisions"}],"predecessor-version":[{"id":893,"href":"https:\/\/creativemedia.com.vn\/vi\/wp-json\/wp\/v2\/pages\/535\/revisions\/893"}],"wp:attachment":[{"href":"https:\/\/creativemedia.com.vn\/vi\/wp-json\/wp\/v2\/media?parent=535"}],"curies":[{"name":"wp","href":"https:\/\/api.w.org\/{rel}","templated":true}]}}