{"id":538,"date":"2024-01-25T09:28:28","date_gmt":"2024-01-25T09:28:28","guid":{"rendered":"https:\/\/creativemedia.com.vn\/trang-chu\/"},"modified":"2024-04-04T09:50:22","modified_gmt":"2024-04-04T09:50:22","slug":"trang-chu","status":"publish","type":"page","link":"https:\/\/creativemedia.com.vn\/vi\/","title":{"rendered":"Trang ch\u1ee7"},"content":{"rendered":"\t<section class=\"section section-fullwidth\" id=\"section_1123936248\">\n\t\t<div class=\"bg section-bg fill bg-fill  bg-loaded\" >\n\n\t\t\t\n\t\t\t\n\t\t\t\n\n\t\t<\/div>\n\n\t\t\n\n\t\t<div class=\"section-content relative\">\n\t\t\t\n<div class=\"row row-full-width align-middle\"  id=\"row-34327464\">\n\n\t<div id=\"col-473229696\" class=\"col inner-left medium-6 small-12 large-6\"  data-animate=\"bounceInLeft\">\n\t\t\t\t<div class=\"col-inner\"  >\n\t\t\t\n\t\t\t\n\t<div id=\"text-3559873237\" class=\"text\">\n\t\t\n<h1>Th\u1ecfa s\u1ee9c s\u00e1ng t\u1ea1o v\u1edbi <span class=\"text-primary\">&#8220;Creative Media&#8221;<\/span><\/h1>\n\t\t\n<style>\n#text-3559873237 {\n  font-size: 1.95rem;\n}\n<\/style>\n\t<\/div>\n\t\n<a data-animate=\"bounceInUp\" href=\"\/ve-chung-toi\" class=\"button primary is-outline\"  style=\"border-radius:99px;padding:8px 30px 8px 30px;\">\n    <span>Kh\u00e1m ph\u00e1 ngay<\/span>\n  <\/a>\n\n\t\t<\/div>\n\t\t\t\t\n<style>\n#col-473229696 > .col-inner {\n  padding: 0px 0px 0px 0px;\n}\n@media (min-width:550px) {\n  #col-473229696 > .col-inner {\n    padding: 50px 50px 50px 11vw;\n  }\n}\n<\/style>\n\t<\/div>\n\n\t\n\n\t<div id=\"col-954681107\" class=\"col right-inner medium-6 small-12 large-6\"  data-animate=\"bounceInRight\">\n\t\t\t\t<div class=\"col-inner text-left\"  >\n\t\t\t\n\t\t\t\n\t<div class=\"img has-hover x md-x lg-x y md-y lg-y\" id=\"image_943871535\">\n\t\t\t\t\t\t\t\t<div class=\"img-inner dark\" >\n\t\t\t<img loading=\"lazy\" decoding=\"async\" width=\"500\" height=\"500\" src=\"https:\/\/creativemedia.com.vn\/wp-content\/uploads\/2024\/04\/Online-world-cuate.svg\" class=\"attachment-large size-large\" alt=\"\" \/>\t\t\t\t\t\t\n\t\t\t\t\t<\/div>\n\t\t\t\t\t\t\t\t\n<style>\n#image_943871535 {\n  width: 100%;\n}\n<\/style>\n\t<\/div>\n\t\n\t\t<\/div>\n\t\t\t\t\t<\/div>\n\n\t\n<\/div>\n\t\t<\/div>\n\n\t\t\n<style>\n#section_1123936248 {\n  padding-top: 30px;\n  padding-bottom: 30px;\n}\n<\/style>\n\t<\/section>\n\t\n\t<section class=\"section\" id=\"section_778662934\">\n\t\t<div class=\"bg section-bg fill bg-fill  bg-loaded\" >\n\n\t\t\t\n\t\t\t\n\t\t\t\n\n\t\t<\/div>\n\n\t\t\n\n\t\t<div class=\"section-content relative\">\n\t\t\t\n<div class=\"row\"  id=\"row-1831502419\">\n\n\t<div id=\"col-1086035470\" class=\"col small-12 large-12\"  >\n\t\t\t\t<div class=\"col-inner\" style=\"background-color:rgba(217, 32, 42, 0.1);\" >\n\t\t\t\n\t\t\t\n\t<div id=\"text-851199223\" class=\"text text-justify\">\n\t\t\n<p><span class=\"text-primary\">Creative Media<\/span> ra \u0111\u1eddi t\u1eeb m\u1ed9t \u00fd t\u01b0\u1edfng \u0111\u01a1n gi\u1ea3n: k\u1ebft h\u1ee3p \u00e2m nh\u1ea1c v\u00e0 h\u00ecnh \u1ea3nh \u0111\u1ec3 t\u1ea1o ra nh\u1eefng tr\u1ea3i nghi\u1ec7m \u0111\u1ed9c \u0111\u00e1o tr\u00ean n\u1ec1n t\u1ea3ng YouTube. \u0110\u01b0\u1ee3c th\u00e0nh l\u1eadp v\u00e0o n\u0103m 2021, ch\u00fang t\u00f4i \u0111\u00e3 b\u1eaft \u0111\u1ea7u v\u1edbi d\u1ed9i ng\u0169 nh\u00e2n s\u1ef1 ch\u1ec9 20 ng\u01b0\u1eddi, mang trong m\u00ecnh s\u1ef1 \u0111am m\u00ea ch\u00e1y b\u1ecfng v\u00e0 l\u00f2ng tin m\u00e3nh li\u1ec7t v\u00e0o s\u1ee9c m\u1ea1nh c\u1ee7a ngh\u1ec7 thu\u1eadt<\/p>\n<p>T\u1eeb nh\u1eefng b\u01b0\u1edbc \u0111\u1ea7u ti\u00ean khi c\u00f4ng ty ch\u1ec9 l\u00e0 m\u1ed9t &#8220;\u00e2m nh\u1ea1c&#8221; trong th\u1ebf gi\u1edbi k\u1ef9 thu\u1eadt s\u1ed1, ch\u00fang t\u00f4i \u0111\u00e3 tr\u1ea3i qua m\u1ed9t h\u00e0nh tr\u00ecnh kh\u00f4ng ng\u1eebng m\u1edf r\u1ed9ng v\u00e0 ph\u00e1t tri\u1ec3n. T\u1eeb vi\u1ec7c s\u1ea3n xu\u1ea5t video clip \u00e2m nh\u1ea1c cho c\u00e1c ngh\u1ec7 s\u0129 \u0111\u1ecba ph\u01b0\u01a1ng, ch\u00fang t\u00f4i \u0111\u00e3 m\u1edf r\u1ed9ng ho\u1ea1t \u0111\u1ed9ng c\u1ee7a m\u00ecnh sang c\u00e1c d\u1ef1 \u00e1n qu\u1ea3ng c\u00e1o, video ca nh\u1ea1c v\u1edbi h\u00e0ng lo\u1ea1t c\u00e1c \u0111\u1ed1i t\u00e1c l\u1edbn.<\/p>\n<p>Qua c\u00e1c n\u0103m, ch\u00fang t\u00f4i \u0111\u00e3 kh\u00f4ng ng\u1eebng m\u1edf r\u1ed9ng d\u1ecbch v\u1ee5 v\u00e0 ph\u1ea1m vi ho\u1ea1t \u0111\u1ed9ng c\u1ee7a m\u00ecnh. Hi\u1ec7n nay, ch\u00fang t\u00f4i t\u1ef1 h\u00e0o l\u00e0 m\u1ed9t trong nh\u1eefng \u0111\u01a1n v\u1ecb h\u00e0ng \u0111\u1ea7u trong l\u0129nh v\u1ef1c s\u1ea3n xu\u1ea5t n\u1ed9i dung s\u00e1ng t\u1ea1o tr\u00ean YouTube v\u00e0 m\u1ea1ng x\u00e3 h\u1ed9i kh\u00e1c, v\u1edbi m\u1ed9t \u0111\u1ed9i ng\u0169 nh\u00e2n s\u1ef1 chuy\u00ean nghi\u1ec7p, \u0111am m\u00ea v\u00e0 kh\u00f4ng ng\u1eebng s\u00e1ng t\u1ea1o.<\/p>\n\t\t\n<style>\n#text-851199223 {\n  font-size: 1.15rem;\n}\n<\/style>\n\t<\/div>\n\t\n<div class=\"row\"  id=\"row-1074748722\">\n\n\t<div id=\"col-587084502\" class=\"col medium-3 small-6 large-3\"  >\n\t\t\t\t<div class=\"col-inner\"  >\n\t\t\t\n\t\t\t\n\n\t\t<div class=\"icon-box counter-box featured-box icon-box-top text-left\"  >\n\t\t\t\t<div class=\"icon-box-text last-reset\">\n\t\t\t<h5 class=\"count\" data-count=\"45\">0<\/h5>\t\t\t<h6>\u0110\u1ed1i t\u00e1c<\/h6>\t\t\t\n\t\t<\/div>\n\t<\/div>\n\t\n\t\n\t\t<\/div>\n\t\t\t\t\t<\/div>\n\n\t\n\n\t<div id=\"col-1388600689\" class=\"col medium-3 small-6 large-3\"  >\n\t\t\t\t<div class=\"col-inner\"  >\n\t\t\t\n\t\t\t\n\n\t\t<div class=\"icon-box counter-box featured-box icon-box-top text-left\"  >\n\t\t\t\t<div class=\"icon-box-text last-reset\">\n\t\t\t<h5 class=\"count\" data-count=\"200\">0<\/h5>\t\t\t<h6>K\u00eanh Youtube<\/h6>\t\t\t\n\t\t<\/div>\n\t<\/div>\n\t\n\t\n\t\t<\/div>\n\t\t\t\t\t<\/div>\n\n\t\n\n\t<div id=\"col-520404388\" class=\"col medium-3 small-6 large-3\"  >\n\t\t\t\t<div class=\"col-inner\"  >\n\t\t\t\n\t\t\t\n\n\t\t<div class=\"icon-box counter-box featured-box icon-box-top text-left\"  >\n\t\t\t\t<div class=\"icon-box-text last-reset\">\n\t\t\t<h5 class=\"count\" data-count=\"75\">0<\/h5>\t\t\t<h6>Tri\u1ec7u view\/th\u00e1ng<\/h6>\t\t\t\n\t\t<\/div>\n\t<\/div>\n\t\n\t\n\t\t<\/div>\n\t\t\t\t\t<\/div>\n\n\t\n\n\t<div id=\"col-1295079694\" class=\"col medium-3 small-6 large-3\"  >\n\t\t\t\t<div class=\"col-inner\"  >\n\t\t\t\n\t\t\t\n\n\t\t<div class=\"icon-box counter-box featured-box icon-box-top text-left\"  >\n\t\t\t\t<div class=\"icon-box-text last-reset\">\n\t\t\t<h5 class=\"count\" data-count=\"50\">0<\/h5>\t\t\t<h6>Nh\u00e2n vi\u00ean<\/h6>\t\t\t\n\t\t<\/div>\n\t<\/div>\n\t\n\t\n\t\t<\/div>\n\t\t\t\t\t<\/div>\n\n\t\n<\/div>\n\t\t<\/div>\n\t\t\t\t\n<style>\n#col-1086035470 > .col-inner {\n  padding: 20px 20px 20px 20px;\n  border-radius: 16px;\n}\n@media (min-width:550px) {\n  #col-1086035470 > .col-inner {\n    padding: 30px 50px 30px 50px;\n  }\n}\n<\/style>\n\t<\/div>\n\n\t\n<\/div>\n\t\t<\/div>\n\n\t\t\n<style>\n#section_778662934 {\n  padding-top: 30px;\n  padding-bottom: 30px;\n}\n<\/style>\n\t<\/section>\n\t\n\t<section class=\"section section-services\" id=\"section_320415318\">\n\t\t<div class=\"bg section-bg fill bg-fill  bg-loaded\" >\n\n\t\t\t\n\t\t\t\n\t\t\t\n\n\t\t<\/div>\n\n\t\t\n\n\t\t<div class=\"section-content relative\">\n\t\t\t\n<div class=\"row\"  id=\"row-2020458395\">\n\n\t<div id=\"col-1950093132\" class=\"col small-12 large-12\"  >\n\t\t\t\t<div class=\"col-inner\"  >\n\t\t\t\n\t\t\t\n\t<div class=\"img has-hover x md-x lg-x y md-y lg-y\" id=\"image_214684945\">\n\t\t\t\t\t\t\t\t<div class=\"img-inner dark\" >\n\t\t\t<img loading=\"lazy\" decoding=\"async\" width=\"913\" height=\"258\" src=\"https:\/\/creativemedia.com.vn\/wp-content\/uploads\/2024\/04\/dich-vu.png\" class=\"attachment-large size-large\" alt=\"\" srcset=\"https:\/\/creativemedia.com.vn\/wp-content\/uploads\/2024\/04\/dich-vu.png 913w, https:\/\/creativemedia.com.vn\/wp-content\/uploads\/2024\/04\/dich-vu-300x85.png 300w, https:\/\/creativemedia.com.vn\/wp-content\/uploads\/2024\/04\/dich-vu-768x217.png 768w\" sizes=\"auto, (max-width: 913px) 100vw, 913px\" \/>\t\t\t\t\t\t\n\t\t\t\t\t<\/div>\n\t\t\t\t\t\t\t\t\n<style>\n#image_214684945 {\n  width: 70%;\n}\n@media (min-width:550px) {\n  #image_214684945 {\n    width: 28%;\n  }\n}\n<\/style>\n\t<\/div>\n\t\n\t\t<\/div>\n\t\t\t\t\t<\/div>\n\n\t\n<\/div>\n<div class=\"row align-middle\"  id=\"row-924507003\">\n\n\t<div id=\"col-1643474628\" class=\"col medium-4 small-12 large-4\"  >\n\t\t\t\t<div class=\"col-inner\"  >\n\t\t\t\n\t\t\t\n\t<div id=\"text-990896865\" class=\"text\">\n\t\t\n<h2>S\u00e1ng t\u1ea1o n\u1ed9i dung<\/h2>\n\t\t\n<style>\n#text-990896865 {\n  font-size: 1.475rem;\n}\n<\/style>\n\t<\/div>\n\t\n\t<div class=\"img has-hover hide-for-medium x md-x lg-x y md-y lg-y\" id=\"image_1179011919\">\n\t\t\t\t\t\t<div data-animate=\"fadeInUp\">\t\t<div class=\"img-inner dark\" style=\"margin:50px 0px 0px 0px;\">\n\t\t\t<img loading=\"lazy\" decoding=\"async\" width=\"293\" height=\"232\" src=\"https:\/\/creativemedia.com.vn\/wp-content\/uploads\/2024\/04\/01.png\" class=\"attachment-large size-large\" alt=\"\" \/>\t\t\t\t\t\t\n\t\t\t\t\t<\/div>\n\t\t<\/div>\t\t\t\t\t\t\n<style>\n#image_1179011919 {\n  width: 50%;\n}\n<\/style>\n\t<\/div>\n\t\n\t\t<\/div>\n\t\t\t\t\t<\/div>\n\n\t\n\n\t<div id=\"col-676700746\" class=\"col services-box medium-8 small-12 large-8\"  data-animate=\"bounceInUp\">\n\t\t\t\t<div class=\"col-inner\" style=\"background-color:rgba(231, 0, 0, 0.1);\" >\n\t\t\t\n\t\t\t\n<div class=\"row\"  id=\"row-774801023\">\n\n\t<div id=\"col-693298632\" class=\"col small-12 large-12\"  >\n\t\t\t\t<div class=\"col-inner\"  >\n\t\t\t\n\t\t\t\n\n\t\t<div class=\"icon-box featured-box icon-box-top text-left\"  >\n\t\t\t\t\t<div class=\"icon-box-img\" style=\"width: 80px\">\n\t\t\t\t<div class=\"icon\">\n\t\t\t\t\t<div class=\"icon-inner\" style=\"color:rgb(255, 255, 255);\">\n\t\t\t\t\t\t<img loading=\"lazy\" decoding=\"async\" width=\"500\" height=\"500\" src=\"https:\/\/creativemedia.com.vn\/wp-content\/uploads\/2024\/04\/creative-icon.svg\" class=\"attachment-medium size-medium\" alt=\"\" \/>\t\t\t\t\t<\/div>\n\t\t\t\t<\/div>\n\t\t\t<\/div>\n\t\t\t\t<div class=\"icon-box-text last-reset\">\n\t\t\t\t\t\t\t\t\t\n\t<div id=\"text-2814173218\" class=\"text text-justify\">\n\t\t\n<p><span class=\"text-primary\">Creative Media<\/span> kh\u00f4ng ch\u1ec9 l\u00e0 m\u1ed9t c\u00f4ng ty s\u1ea3n xu\u1ea5t video \u00e2m nh\u1ea1c, m\u00e0 c\u00f2n l\u00e0 d\u1eabn \u0111\u1ea7u trong vi\u1ec7c k\u1ebft h\u1ee3p ngh\u1ec7 thu\u1eadt v\u00e0 c\u00f4ng ngh\u1ec7. Ch\u00fang t\u00f4i kh\u00f4ng ng\u1eebng \u0111\u1ed5i m\u1edbi v\u00e0 t\u1ea1o ra nh\u1eefng tr\u1ea3i nghi\u1ec7m tuy\u1ec7t v\u1eddi cho ng\u01b0\u1eddi xem th\u00f4ng qua vi\u1ec7c s\u1ea3n xu\u1ea5t n\u1ed9i dung \u00e2m nh\u1ea1c \u0111a d\u1ea1ng, t\u1eeb video \u00e2m nh\u1ea1c ch\u00ednh th\u1ed1ng \u0111\u1ebfn nh\u1eefng tr\u1ea3i nghi\u1ec7m t\u01b0\u01a1ng t\u00e1c \u0111\u1ed9c \u0111\u00e1o tr\u00ean c\u00e1c n\u1ec1n t\u1ea3ng s\u1ed1.<\/p>\n\t\t\n<style>\n#text-2814173218 {\n  font-size: 1.15rem;\n}\n<\/style>\n\t<\/div>\n\t\n\t\t<\/div>\n\t<\/div>\n\t\n\t\n\t\t<\/div>\n\t\t\t\t\t<\/div>\n\n\t\n<\/div>\n\t\t<\/div>\n\t\t\t\t\n<style>\n#col-676700746 > .col-inner {\n  padding: 20px 20px 20px 20px;\n  border-radius: 24px;\n}\n@media (min-width:550px) {\n  #col-676700746 > .col-inner {\n    padding: 40px 40px 40px 40px;\n  }\n}\n<\/style>\n\t<\/div>\n\n\t\n<\/div>\n<div class=\"row align-middle\"  id=\"row-2029624943\">\n\n\t<div id=\"col-949812669\" class=\"col services-box medium-8 small-12 large-8\"  data-animate=\"bounceInUp\">\n\t\t\t\t<div class=\"col-inner\" style=\"background-color:rgba(231, 0, 0, 0.1);\" >\n\t\t\t\n\t\t\t\n<div class=\"row\"  id=\"row-1075476586\">\n\n\t<div id=\"col-88761752\" class=\"col small-12 large-12\"  >\n\t\t\t\t<div class=\"col-inner\"  >\n\t\t\t\n\t\t\t\n\n\t\t<div class=\"icon-box featured-box icon-box-top text-left\"  >\n\t\t\t\t\t<div class=\"icon-box-img\" style=\"width: 80px\">\n\t\t\t\t<div class=\"icon\">\n\t\t\t\t\t<div class=\"icon-inner\" >\n\t\t\t\t\t\t<img loading=\"lazy\" decoding=\"async\" width=\"512\" height=\"512\" src=\"https:\/\/creativemedia.com.vn\/wp-content\/uploads\/2024\/04\/music.svg\" class=\"attachment-medium size-medium\" alt=\"\" \/>\t\t\t\t\t<\/div>\n\t\t\t\t<\/div>\n\t\t\t<\/div>\n\t\t\t\t<div class=\"icon-box-text last-reset\">\n\t\t\t\t\t\t\t\t\t\n\t<div id=\"text-1841243574\" class=\"text text-justify\">\n\t\t\n<p><span class=\"text-primary\">Creative Media<\/span> kh\u00f4ng ch\u1ec9 l\u00e0 m\u1ed9t \u0111\u01a1n v\u1ecb s\u1ea3n xu\u1ea5t video \u00e2m nh\u1ea1c m\u00e0 c\u00f2n l\u00e0 m\u1ed9t \u0111\u1ed1i t\u00e1c chi\u1ebfn l\u01b0\u1ee3c trong vi\u1ec7c \u0111\u01b0a c\u00e1c t\u00e1c ph\u1ea9m \u00e2m nh\u1ea1c c\u1ee7a b\u1ea1n \u0111\u1ebfn v\u1edbi \u0111\u00e1m \u0111\u00f4ng m\u1ed9t c\u00e1ch chuy\u00ean nghi\u1ec7p v\u00e0 hi\u1ec7u qu\u1ea3 nh\u1ea5t. Ch\u00fang t\u00f4i kh\u00f4ng ch\u1ec9 t\u1ea1o ra nh\u1eefng video \u00e2m nh\u1ea1c \u0111\u1ed9c \u0111\u00e1o v\u00e0 \u1ea5n t\u01b0\u1ee3ng, m\u00e0 c\u00f2n cung c\u1ea5p c\u00e1c d\u1ecbch v\u1ee5 ph\u00e1t h\u00e0nh v\u00e0 qu\u1ea3ng b\u00e1 th\u00f4ng qua c\u00e1c n\u1ec1n t\u1ea3ng s\u1ed1 nh\u01b0 YouTube, trang web \u00e2m nh\u1ea1c kh\u00e1c.<\/p>\n\t\t\n<style>\n#text-1841243574 {\n  font-size: 1.15rem;\n}\n<\/style>\n\t<\/div>\n\t\n\t\t<\/div>\n\t<\/div>\n\t\n\t\n\t\t<\/div>\n\t\t\t\t\t<\/div>\n\n\t\n<\/div>\n\t\t<\/div>\n\t\t\t\t\n<style>\n#col-949812669 > .col-inner {\n  padding: 20px 20px 20px 20px;\n  border-radius: 24px;\n}\n@media (min-width:550px) {\n  #col-949812669 > .col-inner {\n    padding: 40px 40px 40px 40px;\n  }\n}\n<\/style>\n\t<\/div>\n\n\t\n\n\t<div id=\"col-1697497136\" class=\"col medium-4 small-12 large-4\"  >\n\t\t\t\t<div class=\"col-inner\"  >\n\t\t\t\n\t\t\t\n\t<div id=\"text-355886641\" class=\"text\">\n\t\t\n<h2>Ph\u00e1t h\u00e0nh v\u00e0 Qu\u1ea3ng b\u00e1 \u00e2m nh\u1ea1c<\/h2>\n\t\t\n<style>\n#text-355886641 {\n  font-size: 1.475rem;\n}\n<\/style>\n\t<\/div>\n\t\n\t<div class=\"img has-hover hide-for-medium x md-x lg-x y md-y lg-y\" id=\"image_1211784195\">\n\t\t\t\t\t\t<div data-animate=\"fadeInUp\">\t\t<div class=\"img-inner dark\" style=\"margin:50px 0px 0px 0px;\">\n\t\t\t<img loading=\"lazy\" decoding=\"async\" width=\"360\" height=\"232\" src=\"https:\/\/creativemedia.com.vn\/wp-content\/uploads\/2024\/04\/02.png\" class=\"attachment-large size-large\" alt=\"\" srcset=\"https:\/\/creativemedia.com.vn\/wp-content\/uploads\/2024\/04\/02.png 360w, https:\/\/creativemedia.com.vn\/wp-content\/uploads\/2024\/04\/02-300x193.png 300w\" sizes=\"auto, (max-width: 360px) 100vw, 360px\" \/>\t\t\t\t\t\t\n\t\t\t\t\t<\/div>\n\t\t<\/div>\t\t\t\t\t\t\n<style>\n#image_1211784195 {\n  width: 50%;\n}\n<\/style>\n\t<\/div>\n\t\n\t\t<\/div>\n\t\t\t\t\t<\/div>\n\n\t\n<\/div>\n<div class=\"row align-middle align-center\"  id=\"row-1359948807\">\n\n\t<div id=\"col-1280294724\" class=\"col small-12 large-12\"  >\n\t\t\t\t<div class=\"col-inner text-center\"  >\n\t\t\t\n\t\t\t\n<a href=\"\/dich-vu\" class=\"button primary is-outline\"  style=\"border-radius:99px;padding:8px 30px 8px 30px;\">\n    <span>Xem t\u1ea5t c\u1ea3 d\u1ecbch v\u1ee5<\/span>\n  <\/a>\n\n\t\t<\/div>\n\t\t\t\t\t<\/div>\n\n\t\n<\/div>\n\t\t<\/div>\n\n\t\t\n<style>\n#section_320415318 {\n  padding-top: 30px;\n  padding-bottom: 30px;\n}\n<\/style>\n\t<\/section>\n\t\n\t<section class=\"section\" id=\"section_672338682\">\n\t\t<div class=\"bg section-bg fill bg-fill  bg-loaded\" >\n\n\t\t\t\n\t\t\t\n\t\t\t\n\n\t\t<\/div>\n\n\t\t\n\n\t\t<div class=\"section-content relative\">\n\t\t\t\n<div class=\"row\"  id=\"row-1427414005\">\n\n\t<div id=\"col-242354218\" class=\"col small-12 large-12\"  data-animate=\"bounceInLeft\">\n\t\t\t\t<div class=\"col-inner\"  >\n\t\t\t\n\t\t\t\n\t<div class=\"img has-hover x md-x lg-x y md-y lg-y\" id=\"image_966731890\">\n\t\t\t\t\t\t\t\t<div class=\"img-inner dark\" >\n\t\t\t<img loading=\"lazy\" decoding=\"async\" width=\"896\" height=\"260\" src=\"https:\/\/creativemedia.com.vn\/wp-content\/uploads\/2024\/04\/doi-tac.png\" class=\"attachment-large size-large\" alt=\"\" srcset=\"https:\/\/creativemedia.com.vn\/wp-content\/uploads\/2024\/04\/doi-tac.png 896w, https:\/\/creativemedia.com.vn\/wp-content\/uploads\/2024\/04\/doi-tac-300x87.png 300w, https:\/\/creativemedia.com.vn\/wp-content\/uploads\/2024\/04\/doi-tac-768x223.png 768w\" sizes=\"auto, (max-width: 896px) 100vw, 896px\" \/>\t\t\t\t\t\t\n\t\t\t\t\t<\/div>\n\t\t\t\t\t\t\t\t\n<style>\n#image_966731890 {\n  width: 70%;\n}\n@media (min-width:550px) {\n  #image_966731890 {\n    width: 26%;\n  }\n}\n<\/style>\n\t<\/div>\n\t\n<div class=\"row row-collapse align-middle row-dashed\"  id=\"row-1210095863\">\n\n\t<div id=\"col-1484104901\" class=\"col medium-3 small-6 large-3\"  data-animate=\"bounceInUp\">\n\t\t\t\t<div class=\"col-inner text-center\"  >\n\t\t\t\n\t\t\t\n<div class=\"ux-logo has-hover align-middle ux_logo inline-block\" style=\"max-width: 100%!important; width: 186.04026845638px!important\"><div class=\"ux-logo-link block image-grayscale\" title=\"\" href=\"\" style=\"padding: 15px;\"><img decoding=\"async\" src=\"https:\/\/creativemedia.com.vn\/wp-content\/uploads\/2024\/04\/Epid.png\" title=\"\" alt=\"\" class=\"ux-logo-image block\" style=\"height:50px;\" \/><\/div><\/div>\n\t\t<\/div>\n\t\t\t\t\t<\/div>\n\n\t\n\n\t<div id=\"col-1893462070\" class=\"col medium-3 small-6 large-3\"  data-animate=\"bounceInUp\">\n\t\t\t\t<div class=\"col-inner text-center\"  >\n\t\t\t\n\t\t\t\n<div class=\"ux-logo has-hover align-middle ux_logo inline-block\" style=\"max-width: 100%!important; width: 196.66666666667px!important\"><div class=\"ux-logo-link block image-grayscale\" title=\"\" href=\"\" style=\"padding: 15px;\"><img decoding=\"async\" src=\"https:\/\/creativemedia.com.vn\/wp-content\/uploads\/2024\/04\/Metub.png\" title=\"\" alt=\"\" class=\"ux-logo-image block\" style=\"height:50px;\" \/><\/div><\/div>\n\t\t<\/div>\n\t\t\t\t\t<\/div>\n\n\t\n\n\t<div id=\"col-1031590200\" class=\"col medium-3 small-6 large-3\"  data-animate=\"bounceInUp\">\n\t\t\t\t<div class=\"col-inner text-center\"  >\n\t\t\t\n\t\t\t\n<div class=\"ux-logo has-hover align-middle ux_logo inline-block\" style=\"max-width: 100%!important; width: 153.35846685517px!important\"><div class=\"ux-logo-link block image-grayscale\" title=\"\" href=\"\" style=\"padding: 15px;\"><img decoding=\"async\" src=\"https:\/\/creativemedia.com.vn\/wp-content\/uploads\/2024\/04\/Tubrr.png\" title=\"\" alt=\"\" class=\"ux-logo-image block\" style=\"height:50px;\" \/><\/div><\/div>\n\t\t<\/div>\n\t\t\t\t\t<\/div>\n\n\t\n\n\t<div id=\"col-1531610624\" class=\"col medium-3 small-6 large-3\"  data-animate=\"bounceInUp\">\n\t\t\t\t<div class=\"col-inner text-center\"  >\n\t\t\t\n\t\t\t\n<div class=\"ux-logo has-hover align-middle ux_logo inline-block\" style=\"max-width: 100%!important; width: 164.73684210526px!important\"><div class=\"ux-logo-link block image-grayscale\" title=\"\" href=\"\" style=\"padding: 15px;\"><img decoding=\"async\" src=\"https:\/\/creativemedia.com.vn\/wp-content\/uploads\/2024\/04\/UMG.png\" title=\"\" alt=\"\" class=\"ux-logo-image block\" style=\"height:50px;\" \/><\/div><\/div>\n\t\t<\/div>\n\t\t\t\t\t<\/div>\n\n\t\n\n\t<div id=\"col-778883918\" class=\"col medium-3 small-6 large-3\"  data-animate=\"bounceInUp\">\n\t\t\t\t<div class=\"col-inner text-center\"  >\n\t\t\t\n\t\t\t\n<div class=\"ux-logo has-hover align-middle ux_logo inline-block\" style=\"max-width: 100%!important; width: 264.8623853211px!important\"><div class=\"ux-logo-link block image-grayscale\" title=\"\" href=\"\" style=\"padding: 15px;\"><img decoding=\"async\" src=\"https:\/\/creativemedia.com.vn\/wp-content\/uploads\/2024\/04\/Viettel.png\" title=\"\" alt=\"\" class=\"ux-logo-image block\" style=\"height:50px;\" \/><\/div><\/div>\n\t\t<\/div>\n\t\t\t\t\t<\/div>\n\n\t\n\n\t<div id=\"col-863866215\" class=\"col medium-3 small-6 large-3\"  data-animate=\"bounceInUp\">\n\t\t\t\t<div class=\"col-inner text-center\"  >\n\t\t\t\n\t\t\t\n<div class=\"ux-logo has-hover align-middle ux_logo inline-block\" style=\"max-width: 100%!important; width: 156.82926829268px!important\"><div class=\"ux-logo-link block image-grayscale\" title=\"\" href=\"\" style=\"padding: 15px;\"><img decoding=\"async\" src=\"https:\/\/creativemedia.com.vn\/wp-content\/uploads\/2024\/04\/Wand-Records-den.png\" title=\"\" alt=\"\" class=\"ux-logo-image block\" style=\"height:50px;\" \/><\/div><\/div>\n\t\t<\/div>\n\t\t\t\t\t<\/div>\n\n\t\n\n\t<div id=\"col-1813817218\" class=\"col medium-3 small-6 large-3\"  data-animate=\"bounceInUp\">\n\t\t\t\t<div class=\"col-inner text-center\"  >\n\t\t\t\n\t\t\t\n<div class=\"ux-logo has-hover align-middle ux_logo inline-block\" style=\"max-width: 100%!important; width: 80px!important\"><div class=\"ux-logo-link block image-grayscale\" title=\"\" href=\"\" style=\"padding: 15px;\"><img decoding=\"async\" src=\"https:\/\/creativemedia.com.vn\/wp-content\/uploads\/2024\/04\/MagicM.png\" title=\"\" alt=\"\" class=\"ux-logo-image block\" style=\"height:50px;\" \/><\/div><\/div>\n\t\t<\/div>\n\t\t\t\t\t<\/div>\n\n\t\n\n\t<div id=\"col-1812051928\" class=\"col medium-3 small-6 large-3\"  data-animate=\"bounceInUp\">\n\t\t\t\t<div class=\"col-inner text-center\"  >\n\t\t\t\n\t\t\t\n<div class=\"ux-logo has-hover align-middle ux_logo inline-block\" style=\"max-width: 100%!important; width: 154.09596662031px!important\"><div class=\"ux-logo-link block image-grayscale\" title=\"\" href=\"\" style=\"padding: 15px;\"><img decoding=\"async\" src=\"https:\/\/creativemedia.com.vn\/wp-content\/uploads\/2024\/04\/Warner_Music_Group_Logo.png\" title=\"\" alt=\"\" class=\"ux-logo-image block\" style=\"height:50px;\" \/><\/div><\/div>\n\t\t<\/div>\n\t\t\t\t\t<\/div>\n\n\t\n<\/div>\n\t\t<\/div>\n\t\t\t\t\t<\/div>\n\n\t\n<\/div>\n\t\t<\/div>\n\n\t\t\n<style>\n#section_672338682 {\n  padding-top: 30px;\n  padding-bottom: 30px;\n}\n<\/style>\n\t<\/section>\n\t\n","protected":false},"excerpt":{"rendered":"","protected":false},"author":1,"featured_media":0,"parent":0,"menu_order":0,"comment_status":"closed","ping_status":"closed","template":"page-blank.php","meta":{"footnotes":""},"class_list":["post-538","page","type-page","status-publish","hentry"],"acf":[],"_links":{"self":[{"href":"https:\/\/creativemedia.com.vn\/vi\/wp-json\/wp\/v2\/pages\/538","targetHints":{"allow":["GET"]}}],"collection":[{"href":"https:\/\/creativemedia.com.vn\/vi\/wp-json\/wp\/v2\/pages"}],"about":[{"href":"https:\/\/creativemedia.com.vn\/vi\/wp-json\/wp\/v2\/types\/page"}],"author":[{"embeddable":true,"href":"https:\/\/creativemedia.com.vn\/vi\/wp-json\/wp\/v2\/users\/1"}],"replies":[{"embeddable":true,"href":"https:\/\/creativemedia.com.vn\/vi\/wp-json\/wp\/v2\/comments?post=538"}],"version-history":[{"count":17,"href":"https:\/\/creativemedia.com.vn\/vi\/wp-json\/wp\/v2\/pages\/538\/revisions"}],"predecessor-version":[{"id":901,"href":"https:\/\/creativemedia.com.vn\/vi\/wp-json\/wp\/v2\/pages\/538\/revisions\/901"}],"wp:attachment":[{"href":"https:\/\/creativemedia.com.vn\/vi\/wp-json\/wp\/v2\/media?parent=538"}],"curies":[{"name":"wp","href":"https:\/\/api.w.org\/{rel}","templated":true}]}}